
{"id":16831,"date":"2025-09-07T12:06:45","date_gmt":"2025-09-07T12:06:45","guid":{"rendered":"https:\/\/vbagsvault.com\/product\/large-caro-handbag-2\/"},"modified":"2025-09-07T12:06:45","modified_gmt":"2025-09-07T12:06:45","slug":"large-caro-handbag-2","status":"publish","type":"product","link":"https:\/\/vbagsvault.com\/ar\/product\/large-caro-handbag-2\/","title":{"rendered":"\u062d\u0642\u064a\u0628\u0629 \u064a\u062f \u0643\u0627\u0631\u0648 \u0643\u0628\u064a\u0631\u0629"},"content":{"rendered":"<p>\u062a\u0645 \u062a\u0632\u064a\u064a\u0646 \u062d\u0642\u064a\u0628\u0629 \u064a\u062f \u062f\u064a\u0648\u0631 \u0643\u0627\u0631\u0648 \u0627\u0644\u062c\u062f\u064a\u062f\u0629 \u0645\u0646 \u062f\u064a\u0648\u0631 \u0643\u0627\u0631\u0648 \u0628\u062e\u064a\u0627\u0637\u0629 \u0628\u0646\u0645\u0637 \u0643\u0627\u0646\u0627\u062c \u0639\u0644\u0649 \u062c\u0644\u062f \u0627\u0644\u0639\u062c\u0644 \u0627\u0644\u0631\u0645\u0627\u062f\u064a \u0627\u0644\u0630\u064a \u064a\u0638\u0647\u0631 \u0646\u0633\u064a\u062c \u062e\u064a\u0627\u0637\u0629 \u0641\u0631\u064a\u062f \u0645\u0646 \u0646\u0648\u0639\u0647. \u062a\u0645 \u062a\u062c\u0647\u064a\u0632 \u0631\u0641\u0631\u0641 \u0647\u0630\u0647 \u0627\u0644\u062d\u0642\u064a\u0628\u0629 \u0627\u0644\u0646\u0627\u0639\u0645\u0629 \u0628\u0642\u0641\u0644 \"CD\" \u0645\u0639\u062f\u0646\u064a \u062f\u0648\u0627\u0631 \u0645\u0646 \u0627\u0644\u0645\u0639\u062f\u0646 \u0627\u0644\u0642\u062f\u064a\u0645 \u0628\u0627\u0644\u0644\u0648\u0646 \u0627\u0644\u0630\u0647\u0628\u064a. \u0627\u0644\u062a\u0635\u0645\u064a\u0645 \u0645\u0633\u062a\u0648\u062d\u0649 \u0645\u0646 \u0627\u0644\u0625\u063a\u0644\u0627\u0642 \u0627\u0644\u0641\u0631\u064a\u062f \u0644\u0632\u062c\u0627\u062c\u0629 \u0639\u0637\u0631 \u0643\u0631\u064a\u0633\u062a\u064a\u0627\u0646 \u062f\u064a\u0648\u0631. \u064a\u0645\u0643\u0646 \u0627\u0633\u062a\u0628\u062f\u0627\u0644 \u062d\u0632\u0627\u0645 \u0627\u0644\u0643\u062a\u0641 \u0627\u0644\u0623\u064a\u0642\u0648\u0646\u064a \"CD\" \u0627\u0644\u0623\u064a\u0642\u0648\u0646\u064a \u0627\u0644\u0642\u0627\u0628\u0644 \u0644\u0644\u0641\u0635\u0644 \u0628\u062d\u0632\u0627\u0645 \u0643\u062a\u0641 \u0639\u0631\u064a\u0636 \u0645\u0637\u0631\u0632. \u0645\u0645\u0627 \u064a\u062a\u064a\u062d \u0644\u0643\u0650 \u0627\u0644\u062d\u0635\u0648\u0644 \u0639\u0644\u0649 \u0645\u0638\u0647\u0631 \u0623\u0646\u064a\u0642 \u0648\u0639\u0635\u0631\u064a \u0628\u063a\u0636 \u0627\u0644\u0646\u0638\u0631 \u0639\u0646 \u0627\u0644\u0645\u0646\u0627\u0633\u0628\u0629 \u0635\u0628\u0627\u062d\u064b\u0627 \u0623\u0648 \u0645\u0633\u0627\u0621\u064b.<\/p>\n<p>\u0627\u0644\u062a\u0641\u0627\u0635\u064a\u0644 \u062f<\/p>\n<p>\u062d\u0642\u064a\u0628\u0629 \u0645\u0642\u0644\u062f\u0629<\/p>\n<p>\u0641\u062a\u062d \u0627\u0644\u063a\u0637\u0627\u0621 \u0627\u0644\u0642\u0644\u0627\u0628 \u0648\u0625\u063a\u0644\u0627\u0642\u0647 \u0628\u0642\u0641\u0644 \u062f\u0648\u0627\u0631 \"CD\"<\/p>\n<p>\u0634\u0639\u0627\u0631 \"30 MONTAIGNE\" \u0645\u062e\u062a\u0648\u0645 \u0628\u062e\u062a\u0645 \u0633\u0627\u062e\u0646 \u0639\u0644\u0649 \u0627\u0644\u0638\u0647\u0631<\/p>\n<p>\u062d\u0632\u0627\u0645 \u0643\u062a\u0641 \u0642\u0627\u0628\u0644 \u0644\u0644\u062a\u0639\u062f\u064a\u0644 \u0648\u0642\u0627\u0628\u0644 \u0644\u0644\u0641\u0635\u0644 \u0639\u0644\u0649 \u0634\u0643\u0644 \u062d\u0631\u0641 \"CD\" \u0645\u0639 \u0645\u0634\u0628\u0643 \u0639\u0644\u0649 \u0627\u0644\u0637\u0631\u0627\u0632 \u0627\u0644\u0639\u0633\u0643\u0631\u064a \"CHRISTIAN DIOR\"<\/p>\n<p>\u062d\u0632\u0627\u0645\u0627\u0646 \u0645\u0646 \u0627\u0644\u0633\u0644\u0633\u0644\u0629 \u0642\u0627\u0628\u0644\u0627\u0646 \u0644\u0644\u0641\u0635\u0644 \u0645\u0632\u0648\u062f\u0627\u0646 \u0628\u0641\u062a\u062d\u0629 \u0645\u0631\u0643\u0632\u064a\u0629 \u0639\u0644\u0649 \u0634\u0643\u0644 \u062d\u0631\u0641 X \u0644\u0633\u0647\u0648\u0644\u0629 \u0627\u0644\u0625\u0632\u0627\u0644\u0629.<\/p>\n<p>\u062c\u064a\u0628 \u062f\u0627\u062e\u0644\u064a \u0628\u0633\u062d\u0651\u0627\u0628 \u0648\u062c\u064a\u0628 \u062f\u0627\u062e\u0644\u064a \u0628\u0633\u062d\u0627\u0628 \u0648\u062c\u064a\u0628 \u0631\u0642\u0639\u0629<\/p>\n<p>\u0627\u0644\u062c\u064a\u0628 \u0627\u0644\u062e\u0644\u0641\u064a<\/p>\n<p>\u064a\u0645\u0643\u0646 \u062d\u0645\u0644\u0647\u0627 \u0628\u0627\u0644\u064a\u062f \u0623\u0648 \u0627\u0644\u0643\u062a\u0641 \u0623\u0648 \u0639\u0628\u0631 \u0627\u0644\u062c\u0633\u0645<\/p>\n<p>\u0627\u0644\u0623\u0628\u0639\u0627\u062f: 28 \u00d7 17 \u00d7 17 \u00d7 9 \u0633\u0645 \/ 11 \u00d7 6.5 \u00d7 3.5 \u0628\u0648\u0635\u0629<\/p>\n<p>\u064a\u0645\u0643\u0646 \u0623\u0646 \u062a\u062a\u0646\u0627\u0633\u0628 \u0647\u0630\u0647 \u0627\u0644\u062d\u0642\u064a\u0628\u0629 \u0645\u0639 \u0623\u062d\u0632\u0645\u0629 \u0643\u062a\u0641 \u0645\u0637\u0631\u0632\u0629 \u0645\u062e\u062a\u0644\u0641\u0629<\/p>\n<p>\u0645\u0639 \u0643\u064a\u0633 \u0627\u0644\u063a\u0628\u0627\u0631<\/p>\n<p>\u0635\u064f\u0646\u0639 \u0641\u064a \u0625\u064a\u0637\u0627\u0644\u064a\u0627<\/p>\n<p>Free shipping worldwide. 7-15 days domestic via USPS\/DHL\/Fedx. 7-18 days international.<\/p>\n<p>30 Days money-back guarantee.<\/p>\n<p>101% Satisfaction guarantee.<\/p>","protected":false},"excerpt":{"rendered":"<p>The new Dior Caro handbag is decorated with Cannage pattern stitching on gray calfskin. showing a unique stitch texture. The flap of this soft bag is equipped with a retro gold-toned metal rotating &#8220;CD&#8221; lock. The design is inspired by the unique closure of the Christian Dior perfume bottle. The detachable iconic &#8220;CD&#8221; link shoulder [&hellip;]<\/p>","protected":false},"featured_media":7833,"comment_status":"open","ping_status":"closed","template":"","meta":[],"product_brand":[],"product_cat":[70,80],"product_tag":[],"class_list":{"0":"post-16831","1":"product","2":"type-product","3":"status-publish","4":"has-post-thumbnail","6":"product_cat-bag","7":"product_cat-dior","9":"first","10":"instock","11":"sale","12":"shipping-taxable","13":"purchasable","14":"product-type-simple"},"_links":{"self":[{"href":"https:\/\/vbagsvault.com\/ar\/wp-json\/wp\/v2\/product\/16831","targetHints":{"allow":["GET"]}}],"collection":[{"href":"https:\/\/vbagsvault.com\/ar\/wp-json\/wp\/v2\/product"}],"about":[{"href":"https:\/\/vbagsvault.com\/ar\/wp-json\/wp\/v2\/types\/product"}],"replies":[{"embeddable":true,"href":"https:\/\/vbagsvault.com\/ar\/wp-json\/wp\/v2\/comments?post=16831"}],"wp:featuredmedia":[{"embeddable":true,"href":"https:\/\/vbagsvault.com\/ar\/wp-json\/wp\/v2\/media\/7833"}],"wp:attachment":[{"href":"https:\/\/vbagsvault.com\/ar\/wp-json\/wp\/v2\/media?parent=16831"}],"wp:term":[{"taxonomy":"product_brand","embeddable":true,"href":"https:\/\/vbagsvault.com\/ar\/wp-json\/wp\/v2\/product_brand?post=16831"},{"taxonomy":"product_cat","embeddable":true,"href":"https:\/\/vbagsvault.com\/ar\/wp-json\/wp\/v2\/product_cat?post=16831"},{"taxonomy":"product_tag","embeddable":true,"href":"https:\/\/vbagsvault.com\/ar\/wp-json\/wp\/v2\/product_tag?post=16831"}],"curies":[{"name":"wp","href":"https:\/\/api.w.org\/{rel}","templated":true}]}}