
{"id":16637,"date":"2025-09-07T12:06:25","date_gmt":"2025-09-07T12:06:25","guid":{"rendered":"https:\/\/vbagsvault.com\/product\/lv-nano-alma\/"},"modified":"2025-09-07T12:06:25","modified_gmt":"2025-09-07T12:06:25","slug":"lv-nano-alma","status":"publish","type":"product","link":"https:\/\/vbagsvault.com\/fr\/produit\/lv-nano-alma\/","title":{"rendered":"LV Nano Alma"},"content":{"rendered":"<p>Sac de r\u00e9plique de tr\u00e8s haute qualit\u00e9, de qualit\u00e9 1:1, avec miroir<\/p>\n<p>Style: M82974<\/p>\n<p>7.1 x 4.7 x 3.1 inches\/18*12*8cm<\/p>\n<p>(longueur x hauteur x largeur)<\/p>\n<p>Glossy Lilac<\/p>\n<p>Monogram Vernis embossed cowhide leather<\/p>\n<p>Garniture en cuir de vachette naturel<\/p>\n<p>Doublure en textile<\/p>\n<p>Quincaillerie dor\u00e9e<\/p>\n<p>Fermeture \u00e0 glissi\u00e8re<\/p>\n<p>Fits: a smartphone. a cardholder and keys<\/p>\n<p>Sangle : amovible et r\u00e9glable<\/p>\n<p>Strap drop:17.9 inches<\/p>\n<p>Strap drop max:21.3 inches<\/p>\n<p>Cha\u00eene : amovible<\/p>\n<p>Chain drop:17.9 inches<\/p>\n<p>Chain drop max:21.3 inches<\/p>\n<p>Poign\u00e9e : double<\/p>\n<p>L'emballage est accompagn\u00e9 d'un sac \u00e0 poussi\u00e8re. Facture. Cartes et bo\u00eete<\/p>\n<p>&nbsp;<\/p><\/p>","protected":false},"excerpt":{"rendered":"<p>Super high-quality grade 1:1 mirror copy replica bag Style: M82974 7.1 x 4.7 x 3.1 inches\/18*12*8cm (length x Height x Width) Glossy Lilac Monogram Vernis embossed cowhide leather Natural cowhide-leather trim Textile lining Gold-color hardware Zip closure Fits: a smartphone. a cardholder and keys Strap:Removable. adjustable Strap drop:17.9 inches Strap drop max:21.3 inches Chain:Removable Chain [&hellip;]<\/p>","protected":false},"featured_media":6131,"comment_status":"open","ping_status":"closed","template":"","meta":[],"product_brand":[],"product_cat":[70,108],"product_tag":[],"class_list":{"0":"post-16637","1":"product","2":"type-product","3":"status-publish","4":"has-post-thumbnail","6":"product_cat-bag","7":"product_cat-louis-vuitton","9":"first","10":"instock","11":"sale","12":"shipping-taxable","13":"purchasable","14":"product-type-simple"},"_links":{"self":[{"href":"https:\/\/vbagsvault.com\/fr\/wp-json\/wp\/v2\/product\/16637","targetHints":{"allow":["GET"]}}],"collection":[{"href":"https:\/\/vbagsvault.com\/fr\/wp-json\/wp\/v2\/product"}],"about":[{"href":"https:\/\/vbagsvault.com\/fr\/wp-json\/wp\/v2\/types\/product"}],"replies":[{"embeddable":true,"href":"https:\/\/vbagsvault.com\/fr\/wp-json\/wp\/v2\/comments?post=16637"}],"wp:featuredmedia":[{"embeddable":true,"href":"https:\/\/vbagsvault.com\/fr\/wp-json\/wp\/v2\/media\/6131"}],"wp:attachment":[{"href":"https:\/\/vbagsvault.com\/fr\/wp-json\/wp\/v2\/media?parent=16637"}],"wp:term":[{"taxonomy":"product_brand","embeddable":true,"href":"https:\/\/vbagsvault.com\/fr\/wp-json\/wp\/v2\/product_brand?post=16637"},{"taxonomy":"product_cat","embeddable":true,"href":"https:\/\/vbagsvault.com\/fr\/wp-json\/wp\/v2\/product_cat?post=16637"},{"taxonomy":"product_tag","embeddable":true,"href":"https:\/\/vbagsvault.com\/fr\/wp-json\/wp\/v2\/product_tag?post=16637"}],"curies":[{"name":"wp","href":"https:\/\/api.w.org\/{rel}","templated":true}]}}