
{"id":16650,"date":"2025-09-07T12:06:26","date_gmt":"2025-09-07T12:06:26","guid":{"rendered":"https:\/\/vbagsvault.com\/product\/louis-vuitton-emilie-wallet\/"},"modified":"2025-09-07T12:06:26","modified_gmt":"2025-09-07T12:06:26","slug":"louis-vuitton-emilie-wallet","status":"publish","type":"product","link":"https:\/\/vbagsvault.com\/fr\/produit\/louis-vuitton-emilie-wallet\/","title":{"rendered":"Portefeuille Louis Vuitton Emilie"},"content":{"rendered":"<p>Tr\u00e8s haute qualit\u00e9 1:1<\/p>\n<p>M62369<\/p>\n<p>Size: 19*10*2cm<\/p>\n<p>Embossed calfskin with smooth calfskin trim<\/p>\n<p>Grained calfskin lining<\/p>\n<p>Silver metal accessories<\/p>\n<p>4 fentes pour cartes de cr\u00e9dit<\/p>\n<p>Inside zipper coin pocket<\/p>\n<p>Internal banknote compartment<\/p>\n<p>Emballage : Factures. Cartes. Sac \u00e0 poussi\u00e8re. Bo\u00eete<\/p>\n<p>&nbsp;<\/p><\/p>","protected":false},"excerpt":{"rendered":"<p>Super high quality 1:1 M62369 Size: 19*10*2cm Embossed calfskin with smooth calfskin trim Grained calfskin lining Silver metal accessories 4 credit card slots Inside zipper coin pocket Internal banknote compartment Packing: Invoices. Cards. Dustbag. Box &nbsp;<\/p>","protected":false},"featured_media":6241,"comment_status":"open","ping_status":"closed","template":"","meta":[],"product_brand":[],"product_cat":[70,108],"product_tag":[],"class_list":{"0":"post-16650","1":"product","2":"type-product","3":"status-publish","4":"has-post-thumbnail","6":"product_cat-bag","7":"product_cat-louis-vuitton","9":"first","10":"instock","11":"sale","12":"shipping-taxable","13":"purchasable","14":"product-type-simple"},"_links":{"self":[{"href":"https:\/\/vbagsvault.com\/fr\/wp-json\/wp\/v2\/product\/16650","targetHints":{"allow":["GET"]}}],"collection":[{"href":"https:\/\/vbagsvault.com\/fr\/wp-json\/wp\/v2\/product"}],"about":[{"href":"https:\/\/vbagsvault.com\/fr\/wp-json\/wp\/v2\/types\/product"}],"replies":[{"embeddable":true,"href":"https:\/\/vbagsvault.com\/fr\/wp-json\/wp\/v2\/comments?post=16650"}],"wp:featuredmedia":[{"embeddable":true,"href":"https:\/\/vbagsvault.com\/fr\/wp-json\/wp\/v2\/media\/6241"}],"wp:attachment":[{"href":"https:\/\/vbagsvault.com\/fr\/wp-json\/wp\/v2\/media?parent=16650"}],"wp:term":[{"taxonomy":"product_brand","embeddable":true,"href":"https:\/\/vbagsvault.com\/fr\/wp-json\/wp\/v2\/product_brand?post=16650"},{"taxonomy":"product_cat","embeddable":true,"href":"https:\/\/vbagsvault.com\/fr\/wp-json\/wp\/v2\/product_cat?post=16650"},{"taxonomy":"product_tag","embeddable":true,"href":"https:\/\/vbagsvault.com\/fr\/wp-json\/wp\/v2\/product_tag?post=16650"}],"curies":[{"name":"wp","href":"https:\/\/api.w.org\/{rel}","templated":true}]}}