
{"id":16652,"date":"2025-09-07T12:06:26","date_gmt":"2025-09-07T12:06:26","guid":{"rendered":"https:\/\/vbagsvault.com\/product\/lv-pont-9-handbag\/"},"modified":"2025-09-07T12:06:27","modified_gmt":"2025-09-07T12:06:27","slug":"lv-pont-9-handbag","status":"publish","type":"product","link":"https:\/\/vbagsvault.com\/fr\/produit\/lv-pont-9-handbag\/","title":{"rendered":"Sac \u00e0 main LV Pont 9"},"content":{"rendered":"<p><b>R\u00e9plique du sac \u00e0 main LV Pont 9<\/b><\/p>\n<p>Style:M55948<\/p>\n<p>Taille : 9.1 \"W x 5.9 \"H x 3.1 \"D<\/p>\n<p>Noir<\/p>\n<p>Cuir de veau lisse<\/p>\n<p>Garniture en cuir de veau lisse<\/p>\n<p>Doublure en cuir de vachette lisse<\/p>\n<p>Quincaillerie dor\u00e9e<\/p>\n<p>Signature LV Circle sur le rabat<\/p>\n<p>Monogramme Fermeture magn\u00e9tique en forme de fleur<\/p>\n<p>2 compartiments int\u00e9rieurs<\/p>\n<p>Poche plate int\u00e9rieure<\/p>\n<p>Poche int\u00e9rieure zipp\u00e9e<\/p>\n<p>Bretelle : non amovible, r\u00e9glable<\/p>\n<p>Longueur de la sangle : 18,5 pouces<\/p>\n<p>Longueur maximale de la sangle : 20,5 pouces<\/p>","protected":false},"excerpt":{"rendered":"<p>Replica LV Pont 9 Handbag Style:M55948 Size:9.1&#8221;W x 5.9&#8221;H x 3.1&#8221;D Black Smooth calfskin Smooth calfskin trim Smooth cowhide lining Gold-color hardware LV Circle signature on the flap Monogram Flower shaped magnetic closure 2 inside compartments Inside flat pocket Inside zipped pocket Strap:Not removable. adjustable Strap drop: 18.5 inches Strap drop max: 20.5 inches<\/p>","protected":false},"featured_media":6258,"comment_status":"open","ping_status":"closed","template":"","meta":[],"product_brand":[],"product_cat":[70,108],"product_tag":[],"class_list":{"0":"post-16652","1":"product","2":"type-product","3":"status-publish","4":"has-post-thumbnail","6":"product_cat-bag","7":"product_cat-louis-vuitton","9":"first","10":"instock","11":"sale","12":"shipping-taxable","13":"purchasable","14":"product-type-simple"},"_links":{"self":[{"href":"https:\/\/vbagsvault.com\/fr\/wp-json\/wp\/v2\/product\/16652","targetHints":{"allow":["GET"]}}],"collection":[{"href":"https:\/\/vbagsvault.com\/fr\/wp-json\/wp\/v2\/product"}],"about":[{"href":"https:\/\/vbagsvault.com\/fr\/wp-json\/wp\/v2\/types\/product"}],"replies":[{"embeddable":true,"href":"https:\/\/vbagsvault.com\/fr\/wp-json\/wp\/v2\/comments?post=16652"}],"wp:featuredmedia":[{"embeddable":true,"href":"https:\/\/vbagsvault.com\/fr\/wp-json\/wp\/v2\/media\/6258"}],"wp:attachment":[{"href":"https:\/\/vbagsvault.com\/fr\/wp-json\/wp\/v2\/media?parent=16652"}],"wp:term":[{"taxonomy":"product_brand","embeddable":true,"href":"https:\/\/vbagsvault.com\/fr\/wp-json\/wp\/v2\/product_brand?post=16652"},{"taxonomy":"product_cat","embeddable":true,"href":"https:\/\/vbagsvault.com\/fr\/wp-json\/wp\/v2\/product_cat?post=16652"},{"taxonomy":"product_tag","embeddable":true,"href":"https:\/\/vbagsvault.com\/fr\/wp-json\/wp\/v2\/product_tag?post=16652"}],"curies":[{"name":"wp","href":"https:\/\/api.w.org\/{rel}","templated":true}]}}