
{"id":16667,"date":"2025-09-07T12:06:29","date_gmt":"2025-09-07T12:06:29","guid":{"rendered":"https:\/\/vbagsvault.com\/product\/chanel-large-backpack\/"},"modified":"2025-11-24T01:17:44","modified_gmt":"2025-11-24T01:17:44","slug":"chanel-large-backpack","status":"publish","type":"product","link":"https:\/\/vbagsvault.com\/fr\/produit\/chanel-large-backpack\/","title":{"rendered":"CHANEL LARGE BACKPACK"},"content":{"rendered":"<p>Super high quality 1:1 mirror copy replica shoes<br \/>Patent Leather<br \/>Size: 31.5*31*9cm<br \/>L'emballage est accompagn\u00e9 d'un sac \u00e0 poussi\u00e8re. Facture. Cartes et bo\u00eete<\/p>\n<p>Free shipping worldwide. 7-15 days&#8217; shipping time in total. All orders will be shipped out within 24hours. the tracking number &amp; tracking link will be updated to your email box after 2-3 days&#8217; processing time.<br \/>30 Days money-back guarantee.<\/p>","protected":false},"excerpt":{"rendered":"<p>Super high quality 1:1 mirror copy replica shoesPatent LeatherSize: 31.5*31*9cmPacking comes with Dustbag. Invoice. Cards and Box Free shipping worldwide. 7-15 days&#8217; shipping time in total. All orders will be shipped out within 24hours. the tracking number &amp; tracking link will be updated to your email box after 2-3 days&#8217; processing time.30 Days money-back guarantee.<\/p>","protected":false},"featured_media":6387,"comment_status":"open","ping_status":"closed","template":"","meta":[],"product_brand":[],"product_cat":[70,81],"product_tag":[],"class_list":{"0":"post-16667","1":"product","2":"type-product","3":"status-publish","4":"has-post-thumbnail","6":"product_cat-bag","7":"product_cat-chanel","9":"first","10":"instock","11":"sale","12":"shipping-taxable","13":"purchasable","14":"product-type-simple"},"_links":{"self":[{"href":"https:\/\/vbagsvault.com\/fr\/wp-json\/wp\/v2\/product\/16667","targetHints":{"allow":["GET"]}}],"collection":[{"href":"https:\/\/vbagsvault.com\/fr\/wp-json\/wp\/v2\/product"}],"about":[{"href":"https:\/\/vbagsvault.com\/fr\/wp-json\/wp\/v2\/types\/product"}],"replies":[{"embeddable":true,"href":"https:\/\/vbagsvault.com\/fr\/wp-json\/wp\/v2\/comments?post=16667"}],"wp:featuredmedia":[{"embeddable":true,"href":"https:\/\/vbagsvault.com\/fr\/wp-json\/wp\/v2\/media\/6387"}],"wp:attachment":[{"href":"https:\/\/vbagsvault.com\/fr\/wp-json\/wp\/v2\/media?parent=16667"}],"wp:term":[{"taxonomy":"product_brand","embeddable":true,"href":"https:\/\/vbagsvault.com\/fr\/wp-json\/wp\/v2\/product_brand?post=16667"},{"taxonomy":"product_cat","embeddable":true,"href":"https:\/\/vbagsvault.com\/fr\/wp-json\/wp\/v2\/product_cat?post=16667"},{"taxonomy":"product_tag","embeddable":true,"href":"https:\/\/vbagsvault.com\/fr\/wp-json\/wp\/v2\/product_tag?post=16667"}],"curies":[{"name":"wp","href":"https:\/\/api.w.org\/{rel}","templated":true}]}}