
{"id":16678,"date":"2025-09-07T12:06:30","date_gmt":"2025-09-07T12:06:30","guid":{"rendered":"https:\/\/vbagsvault.com\/product\/dior-saddle-bag\/"},"modified":"2025-11-24T07:16:30","modified_gmt":"2025-11-24T07:16:30","slug":"dior-saddle-bag","status":"publish","type":"product","link":"https:\/\/vbagsvault.com\/fr\/produit\/dior-saddle-bag\/","title":{"rendered":"Dior SADDLE BAG"},"content":{"rendered":"<p>Sac de r\u00e9plique de tr\u00e8s haute qualit\u00e9 \u00e0 l'\u00e9chelle 1:1<\/p>\n<p>Blue Toile de Jouy Reverse Jacquard<\/p>\n<p>Reference: M0446CTFO_M928<\/p>\n<p>Magnetic &#8216;D&#8217; stirrup closure<\/p>\n<p>&#8216;CD&#8217; signature on the strap<\/p>\n<p>Interior pocket<\/p>\n<p>Poche arri\u00e8re<\/p>\n<p>Dust bag included<\/p>\n<p>Dimensions: 25.5 x 20 x 6.5 cm \/ 10 x 8 x 3 inches<\/p>\n<p>&nbsp;<\/p><\/p>","protected":false},"excerpt":{"rendered":"<p>Super high-quality 1:1 copy replica bag Blue Toile de Jouy Reverse Jacquard Reference: M0446CTFO_M928 Magnetic &#8216;D&#8217; stirrup closure &#8216;CD&#8217; signature on the strap Interior pocket Back pocket Dust bag included Dimensions: 25.5 x 20 x 6.5 cm \/ 10 x 8 x 3 inches &nbsp;<\/p>","protected":false},"featured_media":6485,"comment_status":"open","ping_status":"closed","template":"","meta":[],"product_brand":[],"product_cat":[70,80],"product_tag":[],"class_list":{"0":"post-16678","1":"product","2":"type-product","3":"status-publish","4":"has-post-thumbnail","6":"product_cat-bag","7":"product_cat-dior","9":"first","10":"instock","11":"sale","12":"shipping-taxable","13":"purchasable","14":"product-type-simple"},"_links":{"self":[{"href":"https:\/\/vbagsvault.com\/fr\/wp-json\/wp\/v2\/product\/16678","targetHints":{"allow":["GET"]}}],"collection":[{"href":"https:\/\/vbagsvault.com\/fr\/wp-json\/wp\/v2\/product"}],"about":[{"href":"https:\/\/vbagsvault.com\/fr\/wp-json\/wp\/v2\/types\/product"}],"replies":[{"embeddable":true,"href":"https:\/\/vbagsvault.com\/fr\/wp-json\/wp\/v2\/comments?post=16678"}],"wp:featuredmedia":[{"embeddable":true,"href":"https:\/\/vbagsvault.com\/fr\/wp-json\/wp\/v2\/media\/6485"}],"wp:attachment":[{"href":"https:\/\/vbagsvault.com\/fr\/wp-json\/wp\/v2\/media?parent=16678"}],"wp:term":[{"taxonomy":"product_brand","embeddable":true,"href":"https:\/\/vbagsvault.com\/fr\/wp-json\/wp\/v2\/product_brand?post=16678"},{"taxonomy":"product_cat","embeddable":true,"href":"https:\/\/vbagsvault.com\/fr\/wp-json\/wp\/v2\/product_cat?post=16678"},{"taxonomy":"product_tag","embeddable":true,"href":"https:\/\/vbagsvault.com\/fr\/wp-json\/wp\/v2\/product_tag?post=16678"}],"curies":[{"name":"wp","href":"https:\/\/api.w.org\/{rel}","templated":true}]}}