
{"id":16775,"date":"2025-09-07T12:06:39","date_gmt":"2025-09-07T12:06:39","guid":{"rendered":"https:\/\/vbagsvault.com\/product\/troca-pm\/"},"modified":"2025-09-07T12:06:39","modified_gmt":"2025-09-07T12:06:39","slug":"troca-pm","status":"publish","type":"product","link":"https:\/\/vbagsvault.com\/fr\/produit\/troca-pm\/","title":{"rendered":"TROCA PM"},"content":{"rendered":"<p>Sac de r\u00e9plique de tr\u00e8s haute qualit\u00e9 \u00e0 l'\u00e9chelle 1:1<\/p>\n<p>Style: M59118<\/p>\n<p>22 x 15 x 6 cm<\/p>\n<p>(longueur x hauteur x largeur)<\/p>\n<p>Damier Quilt lambskin<\/p>\n<p>Calfskin trim<\/p>\n<p>Doublure en microfibre<\/p>\n<p>Quincaillerie dor\u00e9e<\/p>\n<p>S-Lock<\/p>\n<p>Double Zip closure<\/p>\n<p>Poche plate int\u00e9rieure<\/p>\n<p>Outside flat pocket on the front<\/p>\n<p>Sangle : amovible et r\u00e9glable<\/p>\n<p>Strap Drop : 40.0 cm<\/p>\n<p>Strap Drop Max. : 55.0 cm<\/p>\n<p>Chain : Removable<\/p>\n<p>Chain Drop : 30.0 cm<\/p>\n<p>Emballage : Bo\u00eete, facture, cartes et sac \u00e0 poussi\u00e8re.<\/p>\n<p>&nbsp;<\/p><\/p>","protected":false},"excerpt":{"rendered":"<p>Super high-quality 1:1 copy replica bag Style: M59118 22 x 15 x 6 cm (length x height x width ) Damier Quilt lambskin Calfskin trim Microfiber lining Gold-color hardware S-Lock Double Zip closure Inside flat pocket Outside flat pocket on the front Strap : Removable. adjustable Strap Drop : 40.0 cm Strap Drop Max. : [&hellip;]<\/p>","protected":false},"featured_media":7340,"comment_status":"open","ping_status":"closed","template":"","meta":[],"product_brand":[],"product_cat":[70],"product_tag":[],"class_list":{"0":"post-16775","1":"product","2":"type-product","3":"status-publish","4":"has-post-thumbnail","6":"product_cat-bag","8":"first","9":"instock","10":"sale","11":"shipping-taxable","12":"purchasable","13":"product-type-simple"},"_links":{"self":[{"href":"https:\/\/vbagsvault.com\/fr\/wp-json\/wp\/v2\/product\/16775","targetHints":{"allow":["GET"]}}],"collection":[{"href":"https:\/\/vbagsvault.com\/fr\/wp-json\/wp\/v2\/product"}],"about":[{"href":"https:\/\/vbagsvault.com\/fr\/wp-json\/wp\/v2\/types\/product"}],"replies":[{"embeddable":true,"href":"https:\/\/vbagsvault.com\/fr\/wp-json\/wp\/v2\/comments?post=16775"}],"wp:featuredmedia":[{"embeddable":true,"href":"https:\/\/vbagsvault.com\/fr\/wp-json\/wp\/v2\/media\/7340"}],"wp:attachment":[{"href":"https:\/\/vbagsvault.com\/fr\/wp-json\/wp\/v2\/media?parent=16775"}],"wp:term":[{"taxonomy":"product_brand","embeddable":true,"href":"https:\/\/vbagsvault.com\/fr\/wp-json\/wp\/v2\/product_brand?post=16775"},{"taxonomy":"product_cat","embeddable":true,"href":"https:\/\/vbagsvault.com\/fr\/wp-json\/wp\/v2\/product_cat?post=16775"},{"taxonomy":"product_tag","embeddable":true,"href":"https:\/\/vbagsvault.com\/fr\/wp-json\/wp\/v2\/product_tag?post=16775"}],"curies":[{"name":"wp","href":"https:\/\/api.w.org\/{rel}","templated":true}]}}