
{"id":16810,"date":"2025-09-07T12:06:43","date_gmt":"2025-09-07T12:06:43","guid":{"rendered":"https:\/\/vbagsvault.com\/product\/mini-lady-dior-bag-4\/"},"modified":"2025-11-11T02:00:06","modified_gmt":"2025-11-11T02:00:06","slug":"mini-lady-dior-bag-4","status":"publish","type":"product","link":"https:\/\/vbagsvault.com\/fr\/produit\/mini-lady-dior-bag-4\/","title":{"rendered":"Mini Lady Dior Bag"},"content":{"rendered":"<p>Sac de r\u00e9plique \u00e0 miroir de tr\u00e8s haute qualit\u00e9 1:1<br \/>Reference: M0505<br \/>Dark Burgundy Cannage Lambskin<br \/>Dimensions: 17 x 15 x 7 cm \/ 6.5 x 6 x 3 inches (Length x Height x Width)<br \/>The size is suitable for a phone. a card holder and lipstick<br \/>Chain length: 120 cm \/ 47 inches<br \/>Chain drop length: 59 cm \/ 23 inches<br \/>Weight: approximately 495 g \/ 17.5 ounces<br \/>L'emballage est accompagn\u00e9 d'un sac \u00e0 poussi\u00e8re. Facture. Cartes et bo\u00eete<\/p><\/p>","protected":false},"excerpt":{"rendered":"<p>Super high-qualiy 1:1 mirror copy replica bagReference: M0505Dark Burgundy Cannage LambskinDimensions: 17 x 15 x 7 cm \/ 6.5 x 6 x 3 inches (Length x Height x Width)The size is suitable for a phone. a card holder and lipstickChain length: 120 cm \/ 47 inchesChain drop length: 59 cm \/ 23 inchesWeight: approximately 495 [&hellip;]<\/p>","protected":false},"featured_media":7651,"comment_status":"open","ping_status":"closed","template":"","meta":[],"product_brand":[],"product_cat":[70,80],"product_tag":[],"class_list":{"0":"post-16810","1":"product","2":"type-product","3":"status-publish","4":"has-post-thumbnail","6":"product_cat-bag","7":"product_cat-dior","9":"first","10":"instock","11":"sale","12":"shipping-taxable","13":"purchasable","14":"product-type-simple"},"_links":{"self":[{"href":"https:\/\/vbagsvault.com\/fr\/wp-json\/wp\/v2\/product\/16810","targetHints":{"allow":["GET"]}}],"collection":[{"href":"https:\/\/vbagsvault.com\/fr\/wp-json\/wp\/v2\/product"}],"about":[{"href":"https:\/\/vbagsvault.com\/fr\/wp-json\/wp\/v2\/types\/product"}],"replies":[{"embeddable":true,"href":"https:\/\/vbagsvault.com\/fr\/wp-json\/wp\/v2\/comments?post=16810"}],"wp:featuredmedia":[{"embeddable":true,"href":"https:\/\/vbagsvault.com\/fr\/wp-json\/wp\/v2\/media\/7651"}],"wp:attachment":[{"href":"https:\/\/vbagsvault.com\/fr\/wp-json\/wp\/v2\/media?parent=16810"}],"wp:term":[{"taxonomy":"product_brand","embeddable":true,"href":"https:\/\/vbagsvault.com\/fr\/wp-json\/wp\/v2\/product_brand?post=16810"},{"taxonomy":"product_cat","embeddable":true,"href":"https:\/\/vbagsvault.com\/fr\/wp-json\/wp\/v2\/product_cat?post=16810"},{"taxonomy":"product_tag","embeddable":true,"href":"https:\/\/vbagsvault.com\/fr\/wp-json\/wp\/v2\/product_tag?post=16810"}],"curies":[{"name":"wp","href":"https:\/\/api.w.org\/{rel}","templated":true}]}}