
{"id":16835,"date":"2025-09-07T12:06:45","date_gmt":"2025-09-07T12:06:45","guid":{"rendered":"https:\/\/vbagsvault.com\/product\/lv-marelle-handbag\/"},"modified":"2025-09-07T12:06:45","modified_gmt":"2025-09-07T12:06:45","slug":"lv-marelle-handbag","status":"publish","type":"product","link":"https:\/\/vbagsvault.com\/fr\/produit\/lv-marelle-handbag\/","title":{"rendered":"LV MARELLE HANDBAG"},"content":{"rendered":"<p>Super high-quality 1:1 replica bag<\/p>\n<p>M80689<\/p>\n<p>25 x 15 x 8 cm<\/p>\n<p>(Longueur x hauteur x largeur)<\/p>\n<p>Epi grained cowhide<\/p>\n<p>Smooth cowhide leather and canvas trim<\/p>\n<p>Doublure en microfibre<\/p>\n<p>metallic parts<\/p>\n<p>Front patch pocket<\/p>\n<p>The detachable zipper bag is secured to the handbag with a detachable chain and hook fastener<\/p>\n<p>Large inner patch pocket<\/p>\n<p>Shoulder strap: detachable and adjustable<\/p>\n<p>Half length of strap: 47.0 cm<\/p>\n<p>The half length of the strap can be adjusted to: 56.0 cm<\/p>\n<p>Handle: single handle. detachable<\/p>\n<p>Emballage : Factures. Cartes. Sac \u00e0 poussi\u00e8re. Bo\u00eete<\/p>\n<p>&nbsp;<\/p><\/p>","protected":false},"excerpt":{"rendered":"<p>Super high-quality 1:1 replica bag M80689 25 x 15 x 8 cm (Length x height x width) Epi grained cowhide Smooth cowhide leather and canvas trim Microfiber lining metallic parts Front patch pocket The detachable zipper bag is secured to the handbag with a detachable chain and hook fastener Large inner patch pocket Shoulder strap: [&hellip;]<\/p>","protected":false},"featured_media":7868,"comment_status":"open","ping_status":"closed","template":"","meta":[],"product_brand":[],"product_cat":[70,108],"product_tag":[],"class_list":{"0":"post-16835","1":"product","2":"type-product","3":"status-publish","4":"has-post-thumbnail","6":"product_cat-bag","7":"product_cat-louis-vuitton","9":"first","10":"instock","11":"sale","12":"shipping-taxable","13":"purchasable","14":"product-type-simple"},"_links":{"self":[{"href":"https:\/\/vbagsvault.com\/fr\/wp-json\/wp\/v2\/product\/16835","targetHints":{"allow":["GET"]}}],"collection":[{"href":"https:\/\/vbagsvault.com\/fr\/wp-json\/wp\/v2\/product"}],"about":[{"href":"https:\/\/vbagsvault.com\/fr\/wp-json\/wp\/v2\/types\/product"}],"replies":[{"embeddable":true,"href":"https:\/\/vbagsvault.com\/fr\/wp-json\/wp\/v2\/comments?post=16835"}],"wp:featuredmedia":[{"embeddable":true,"href":"https:\/\/vbagsvault.com\/fr\/wp-json\/wp\/v2\/media\/7868"}],"wp:attachment":[{"href":"https:\/\/vbagsvault.com\/fr\/wp-json\/wp\/v2\/media?parent=16835"}],"wp:term":[{"taxonomy":"product_brand","embeddable":true,"href":"https:\/\/vbagsvault.com\/fr\/wp-json\/wp\/v2\/product_brand?post=16835"},{"taxonomy":"product_cat","embeddable":true,"href":"https:\/\/vbagsvault.com\/fr\/wp-json\/wp\/v2\/product_cat?post=16835"},{"taxonomy":"product_tag","embeddable":true,"href":"https:\/\/vbagsvault.com\/fr\/wp-json\/wp\/v2\/product_tag?post=16835"}],"curies":[{"name":"wp","href":"https:\/\/api.w.org\/{rel}","templated":true}]}}