
{"id":16954,"date":"2025-09-07T12:06:59","date_gmt":"2025-09-07T12:06:59","guid":{"rendered":"https:\/\/vbagsvault.com\/product\/lv-venice\/"},"modified":"2025-09-07T12:06:59","modified_gmt":"2025-09-07T12:06:59","slug":"lv-venice","status":"publish","type":"product","link":"https:\/\/vbagsvault.com\/fr\/produit\/lv-venice\/","title":{"rendered":"LV Venise"},"content":{"rendered":"<p>Sac de r\u00e9plique \u00e0 miroir de tr\u00e8s haute qualit\u00e9 1:1<\/p>\n<p>M46836<\/p>\n<p>24 x 26 x 7 cm<\/p>\n<p>(Longueur x Hauteur x Largeur)<\/p>\n<p>Denim Blue<\/p>\n<p>GOTS (Global Organic Textile Standard) Monogram Denim canvas<\/p>\n<p>Garniture en cuir de vachette naturel<\/p>\n<p>GOTS (Global Organic Textile Standard) certified cotton lining<\/p>\n<p>Quincaillerie dor\u00e9e<\/p>\n<p>Tuck lock<\/p>\n<p>Inside hook<\/p>\n<p>2 front pockets<\/p>\n<p>Poche plate int\u00e9rieure<\/p>\n<p>Strap: Not removable. adjustable<\/p>\n<p>Strap Drop: 30.0 cm<\/p>\n<p>Strap Drop Max.: 37.0 cm<\/p>\n<p>Poign\u00e9e : Simple<\/p>\n<p>L'emballage est accompagn\u00e9 d'un sac \u00e0 poussi\u00e8re. Facture. Cartes et bo\u00eete<\/p>\n<p>&nbsp;<\/p><\/p>","protected":false},"excerpt":{"rendered":"<p>Super high-qualiy 1:1 mirror copy replica bag M46836 24 x 26 x 7 cm (Length x Height x Width) Denim Blue GOTS (Global Organic Textile Standard) Monogram Denim canvas Natural cowhide-leather trim GOTS (Global Organic Textile Standard) certified cotton lining Gold-color hardware Tuck lock Inside hook 2 front pockets Inside flat pocket Strap: Not removable. [&hellip;]<\/p>","protected":false},"featured_media":8901,"comment_status":"open","ping_status":"closed","template":"","meta":[],"product_brand":[],"product_cat":[70,108],"product_tag":[],"class_list":{"0":"post-16954","1":"product","2":"type-product","3":"status-publish","4":"has-post-thumbnail","6":"product_cat-bag","7":"product_cat-louis-vuitton","9":"first","10":"instock","11":"sale","12":"shipping-taxable","13":"purchasable","14":"product-type-simple"},"_links":{"self":[{"href":"https:\/\/vbagsvault.com\/fr\/wp-json\/wp\/v2\/product\/16954","targetHints":{"allow":["GET"]}}],"collection":[{"href":"https:\/\/vbagsvault.com\/fr\/wp-json\/wp\/v2\/product"}],"about":[{"href":"https:\/\/vbagsvault.com\/fr\/wp-json\/wp\/v2\/types\/product"}],"replies":[{"embeddable":true,"href":"https:\/\/vbagsvault.com\/fr\/wp-json\/wp\/v2\/comments?post=16954"}],"wp:featuredmedia":[{"embeddable":true,"href":"https:\/\/vbagsvault.com\/fr\/wp-json\/wp\/v2\/media\/8901"}],"wp:attachment":[{"href":"https:\/\/vbagsvault.com\/fr\/wp-json\/wp\/v2\/media?parent=16954"}],"wp:term":[{"taxonomy":"product_brand","embeddable":true,"href":"https:\/\/vbagsvault.com\/fr\/wp-json\/wp\/v2\/product_brand?post=16954"},{"taxonomy":"product_cat","embeddable":true,"href":"https:\/\/vbagsvault.com\/fr\/wp-json\/wp\/v2\/product_cat?post=16954"},{"taxonomy":"product_tag","embeddable":true,"href":"https:\/\/vbagsvault.com\/fr\/wp-json\/wp\/v2\/product_tag?post=16954"}],"curies":[{"name":"wp","href":"https:\/\/api.w.org\/{rel}","templated":true}]}}