
{"id":16972,"date":"2025-09-07T12:07:01","date_gmt":"2025-09-07T12:07:01","guid":{"rendered":"https:\/\/vbagsvault.com\/product\/medium-dior-ammi-bag\/"},"modified":"2025-09-07T12:07:01","modified_gmt":"2025-09-07T12:07:01","slug":"medium-dior-ammi-bag","status":"publish","type":"product","link":"https:\/\/vbagsvault.com\/fr\/produit\/medium-dior-ammi-bag\/","title":{"rendered":"MEDIUM DIOR AMMI BAG"},"content":{"rendered":"<p>Sac de r\u00e9plique de tr\u00e8s haute qualit\u00e9 \u00e0 l'\u00e9chelle 1:1<\/p>\n<p>Black Supple Macrocannage Lambskin<\/p>\n<p>Reference: M22566<\/p>\n<p>Dimensions: 31 x 18 x 13 cm \/ 12 x 7 x 5 inches<\/p>\n<p>Tightening chain closure<\/p>\n<p>Chain shoulder strap with CD initials and leather insert<\/p>\n<p>Interior patch pocket<\/p>\n<p>Emballage : Bo\u00eete, facture, cartes et sac \u00e0 poussi\u00e8re.<\/p>\n<p>&nbsp;<\/p><\/p>","protected":false},"excerpt":{"rendered":"<p>Super high-quality 1:1 copy replica bag Black Supple Macrocannage Lambskin Reference: M22566 Dimensions: 31 x 18 x 13 cm \/ 12 x 7 x 5 inches Tightening chain closure Chain shoulder strap with CD initials and leather insert Interior patch pocket Packing: Box.Invoice.Cards and Dustbag. &nbsp;<\/p>","protected":false},"featured_media":9058,"comment_status":"open","ping_status":"closed","template":"","meta":[],"product_brand":[],"product_cat":[70,80],"product_tag":[],"class_list":{"0":"post-16972","1":"product","2":"type-product","3":"status-publish","4":"has-post-thumbnail","6":"product_cat-bag","7":"product_cat-dior","9":"first","10":"instock","11":"sale","12":"shipping-taxable","13":"purchasable","14":"product-type-simple"},"_links":{"self":[{"href":"https:\/\/vbagsvault.com\/fr\/wp-json\/wp\/v2\/product\/16972","targetHints":{"allow":["GET"]}}],"collection":[{"href":"https:\/\/vbagsvault.com\/fr\/wp-json\/wp\/v2\/product"}],"about":[{"href":"https:\/\/vbagsvault.com\/fr\/wp-json\/wp\/v2\/types\/product"}],"replies":[{"embeddable":true,"href":"https:\/\/vbagsvault.com\/fr\/wp-json\/wp\/v2\/comments?post=16972"}],"wp:featuredmedia":[{"embeddable":true,"href":"https:\/\/vbagsvault.com\/fr\/wp-json\/wp\/v2\/media\/9058"}],"wp:attachment":[{"href":"https:\/\/vbagsvault.com\/fr\/wp-json\/wp\/v2\/media?parent=16972"}],"wp:term":[{"taxonomy":"product_brand","embeddable":true,"href":"https:\/\/vbagsvault.com\/fr\/wp-json\/wp\/v2\/product_brand?post=16972"},{"taxonomy":"product_cat","embeddable":true,"href":"https:\/\/vbagsvault.com\/fr\/wp-json\/wp\/v2\/product_cat?post=16972"},{"taxonomy":"product_tag","embeddable":true,"href":"https:\/\/vbagsvault.com\/fr\/wp-json\/wp\/v2\/product_tag?post=16972"}],"curies":[{"name":"wp","href":"https:\/\/api.w.org\/{rel}","templated":true}]}}