
{"id":16984,"date":"2025-09-07T12:07:02","date_gmt":"2025-09-07T12:07:02","guid":{"rendered":"https:\/\/vbagsvault.com\/product\/hermes-birkin-bag-25-4\/"},"modified":"2025-09-07T12:07:02","modified_gmt":"2025-09-07T12:07:02","slug":"hermes-birkin-bag-25-4","status":"publish","type":"product","link":"https:\/\/vbagsvault.com\/fr\/produit\/hermes-birkin-bag-25-4\/","title":{"rendered":"SAC HERMES BIRKIN 25"},"content":{"rendered":"<p>Sac de r\u00e9plique de tr\u00e8s haute qualit\u00e9 \u00e0 l'\u00e9chelle 1:1<\/p>\n<p>SAC HERMES BIRKIN 25<\/p>\n<p>25 x 20 x 13 cm<\/p>\n<p>Emballage : Bo\u00eete, facture, cartes et sac \u00e0 poussi\u00e8re.<\/p>\n<p>&nbsp;<\/p><\/p>","protected":false},"excerpt":{"rendered":"<p>Super high-quality 1:1 copy replica bag HERMES BIRKIN BAG 25 25 x 20 x 13 cm Packing: Box.Invoice.Cards and Dustbag. &nbsp;<\/p>","protected":false},"featured_media":9164,"comment_status":"open","ping_status":"closed","template":"","meta":[],"product_brand":[],"product_cat":[70,87],"product_tag":[],"class_list":{"0":"post-16984","1":"product","2":"type-product","3":"status-publish","4":"has-post-thumbnail","6":"product_cat-bag","7":"product_cat-hermes","9":"first","10":"instock","11":"sale","12":"shipping-taxable","13":"purchasable","14":"product-type-simple"},"_links":{"self":[{"href":"https:\/\/vbagsvault.com\/fr\/wp-json\/wp\/v2\/product\/16984","targetHints":{"allow":["GET"]}}],"collection":[{"href":"https:\/\/vbagsvault.com\/fr\/wp-json\/wp\/v2\/product"}],"about":[{"href":"https:\/\/vbagsvault.com\/fr\/wp-json\/wp\/v2\/types\/product"}],"replies":[{"embeddable":true,"href":"https:\/\/vbagsvault.com\/fr\/wp-json\/wp\/v2\/comments?post=16984"}],"wp:featuredmedia":[{"embeddable":true,"href":"https:\/\/vbagsvault.com\/fr\/wp-json\/wp\/v2\/media\/9164"}],"wp:attachment":[{"href":"https:\/\/vbagsvault.com\/fr\/wp-json\/wp\/v2\/media?parent=16984"}],"wp:term":[{"taxonomy":"product_brand","embeddable":true,"href":"https:\/\/vbagsvault.com\/fr\/wp-json\/wp\/v2\/product_brand?post=16984"},{"taxonomy":"product_cat","embeddable":true,"href":"https:\/\/vbagsvault.com\/fr\/wp-json\/wp\/v2\/product_cat?post=16984"},{"taxonomy":"product_tag","embeddable":true,"href":"https:\/\/vbagsvault.com\/fr\/wp-json\/wp\/v2\/product_tag?post=16984"}],"curies":[{"name":"wp","href":"https:\/\/api.w.org\/{rel}","templated":true}]}}