
{"id":17091,"date":"2025-09-07T12:07:13","date_gmt":"2025-09-07T12:07:13","guid":{"rendered":"https:\/\/vbagsvault.com\/product\/chanel-19-handbag-4\/"},"modified":"2025-09-07T12:07:13","modified_gmt":"2025-09-07T12:07:13","slug":"chanel-19-handbag-4","status":"publish","type":"product","link":"https:\/\/vbagsvault.com\/fr\/produit\/chanel-19-handbag-4\/","title":{"rendered":"SAC \u00c0 MAIN CHANEL 19"},"content":{"rendered":"<p>Sac de r\u00e9plique de tr\u00e8s haute qualit\u00e9 \u00e0 l'\u00e9chelle 1:1<\/p>\n<p>Gray<\/p>\n<p>Ref.?AS1160<\/p>\n<p>Dimensions<\/p>\n<p>16 x 26 x 9 cm (6.2 x 10.1 x 3.5 in)<\/p>\n<p>Emballage : Bo\u00eete, facture, cartes et sac \u00e0 poussi\u00e8re.<\/p>\n<p>&nbsp;<\/p><\/p>","protected":false},"excerpt":{"rendered":"<p>Super high-quality 1:1 copy replica bag Gray Ref.?AS1160 Dimensions 16 x 26 x 9 cm (6.2 x 10.1 x 3.5 in) Packing: Box.Invoice.Cards and Dustbag. &nbsp;<\/p>","protected":false},"featured_media":10097,"comment_status":"open","ping_status":"closed","template":"","meta":[],"product_brand":[],"product_cat":[70,81],"product_tag":[],"class_list":{"0":"post-17091","1":"product","2":"type-product","3":"status-publish","4":"has-post-thumbnail","6":"product_cat-bag","7":"product_cat-chanel","9":"first","10":"instock","11":"sale","12":"shipping-taxable","13":"purchasable","14":"product-type-simple"},"_links":{"self":[{"href":"https:\/\/vbagsvault.com\/fr\/wp-json\/wp\/v2\/product\/17091","targetHints":{"allow":["GET"]}}],"collection":[{"href":"https:\/\/vbagsvault.com\/fr\/wp-json\/wp\/v2\/product"}],"about":[{"href":"https:\/\/vbagsvault.com\/fr\/wp-json\/wp\/v2\/types\/product"}],"replies":[{"embeddable":true,"href":"https:\/\/vbagsvault.com\/fr\/wp-json\/wp\/v2\/comments?post=17091"}],"wp:featuredmedia":[{"embeddable":true,"href":"https:\/\/vbagsvault.com\/fr\/wp-json\/wp\/v2\/media\/10097"}],"wp:attachment":[{"href":"https:\/\/vbagsvault.com\/fr\/wp-json\/wp\/v2\/media?parent=17091"}],"wp:term":[{"taxonomy":"product_brand","embeddable":true,"href":"https:\/\/vbagsvault.com\/fr\/wp-json\/wp\/v2\/product_brand?post=17091"},{"taxonomy":"product_cat","embeddable":true,"href":"https:\/\/vbagsvault.com\/fr\/wp-json\/wp\/v2\/product_cat?post=17091"},{"taxonomy":"product_tag","embeddable":true,"href":"https:\/\/vbagsvault.com\/fr\/wp-json\/wp\/v2\/product_tag?post=17091"}],"curies":[{"name":"wp","href":"https:\/\/api.w.org\/{rel}","templated":true}]}}