
{"id":17187,"date":"2025-09-07T12:07:22","date_gmt":"2025-09-07T12:07:22","guid":{"rendered":"https:\/\/vbagsvault.com\/product\/chanel-19-maxi-handbag-3\/"},"modified":"2025-09-07T12:07:22","modified_gmt":"2025-09-07T12:07:22","slug":"chanel-19-maxi-handbag-3","status":"publish","type":"product","link":"https:\/\/vbagsvault.com\/fr\/produit\/chanel-19-maxi-handbag-3\/","title":{"rendered":"CHANEL 19 SAC \u00c0 MAIN MAXI"},"content":{"rendered":"<p>Sac de r\u00e9plique de tr\u00e8s haute qualit\u00e9 \u00e0 l'\u00e9chelle 1:1<\/p>\n<p>Lambskin. Gold-Tone. Silver-Tone &amp; Ruthenium-Finish Metal<\/p>\n<p>White<\/p>\n<p>Ref.?AS1162<\/p>\n<p>Dimensions<\/p>\n<p>25 x 36 x 11 cm (9.8 x 14 x 4.3 in)<\/p>\n<p>Emballage : Bo\u00eete, facture, cartes et sac \u00e0 poussi\u00e8re.<\/p>\n<p>&nbsp;<\/p>","protected":false},"excerpt":{"rendered":"<p>Super high-quality 1:1 copy replica bag Lambskin. Gold-Tone. Silver-Tone &amp; Ruthenium-Finish Metal White Ref.?AS1162 Dimensions 25 x 36 x 11 cm (9.8 x 14 x 4.3 in) Packing: Box.Invoice.Cards and Dustbag. &nbsp;<\/p>","protected":false},"featured_media":10930,"comment_status":"open","ping_status":"closed","template":"","meta":[],"product_brand":[],"product_cat":[70,81],"product_tag":[],"class_list":{"0":"post-17187","1":"product","2":"type-product","3":"status-publish","4":"has-post-thumbnail","6":"product_cat-bag","7":"product_cat-chanel","9":"first","10":"instock","11":"sale","12":"shipping-taxable","13":"purchasable","14":"product-type-simple"},"_links":{"self":[{"href":"https:\/\/vbagsvault.com\/fr\/wp-json\/wp\/v2\/product\/17187","targetHints":{"allow":["GET"]}}],"collection":[{"href":"https:\/\/vbagsvault.com\/fr\/wp-json\/wp\/v2\/product"}],"about":[{"href":"https:\/\/vbagsvault.com\/fr\/wp-json\/wp\/v2\/types\/product"}],"replies":[{"embeddable":true,"href":"https:\/\/vbagsvault.com\/fr\/wp-json\/wp\/v2\/comments?post=17187"}],"wp:featuredmedia":[{"embeddable":true,"href":"https:\/\/vbagsvault.com\/fr\/wp-json\/wp\/v2\/media\/10930"}],"wp:attachment":[{"href":"https:\/\/vbagsvault.com\/fr\/wp-json\/wp\/v2\/media?parent=17187"}],"wp:term":[{"taxonomy":"product_brand","embeddable":true,"href":"https:\/\/vbagsvault.com\/fr\/wp-json\/wp\/v2\/product_brand?post=17187"},{"taxonomy":"product_cat","embeddable":true,"href":"https:\/\/vbagsvault.com\/fr\/wp-json\/wp\/v2\/product_cat?post=17187"},{"taxonomy":"product_tag","embeddable":true,"href":"https:\/\/vbagsvault.com\/fr\/wp-json\/wp\/v2\/product_tag?post=17187"}],"curies":[{"name":"wp","href":"https:\/\/api.w.org\/{rel}","templated":true}]}}