
{"id":17540,"date":"2025-09-07T12:07:52","date_gmt":"2025-09-07T12:07:52","guid":{"rendered":"https:\/\/vbagsvault.com\/product\/large-dior-book-tote-8\/"},"modified":"2025-09-07T12:07:53","modified_gmt":"2025-09-07T12:07:53","slug":"large-dior-book-tote-8","status":"publish","type":"product","link":"https:\/\/vbagsvault.com\/fr\/produit\/large-dior-book-tote-8\/","title":{"rendered":"LARGE DIOR BOOK TOTE"},"content":{"rendered":"<p>Sac de r\u00e9plique de tr\u00e8s haute qualit\u00e9 \u00e0 l'\u00e9chelle 1:1<\/p>\n<p>&#8216;CHRISTIAN DIOR&#8217; signature on the front<\/p>\n<p>Black and White Houndstooth Embroidery<\/p>\n<p>Reference: M1286ZRPI_M081<\/p>\n<p>Dimensions: 41.5 x 35 x 18 cm \/ 16.5 x 14 x 7 inches<\/p>\n<p>Emballage : Bo\u00eete, facture, cartes et sac \u00e0 poussi\u00e8re.<\/p>\n<p>&nbsp;<\/p><\/p>","protected":false},"excerpt":{"rendered":"<p>Super high-quality 1:1 copy replica bag &#8216;CHRISTIAN DIOR&#8217; signature on the front Black and White Houndstooth Embroidery Reference: M1286ZRPI_M081 Dimensions: 41.5 x 35 x 18 cm \/ 16.5 x 14 x 7 inches Packing: Box.Invoice.Cards and Dustbag. &nbsp;<\/p>","protected":false},"featured_media":13990,"comment_status":"open","ping_status":"closed","template":"","meta":[],"product_brand":[],"product_cat":[70,80],"product_tag":[],"class_list":{"0":"post-17540","1":"product","2":"type-product","3":"status-publish","4":"has-post-thumbnail","6":"product_cat-bag","7":"product_cat-dior","9":"first","10":"instock","11":"sale","12":"shipping-taxable","13":"purchasable","14":"product-type-simple"},"_links":{"self":[{"href":"https:\/\/vbagsvault.com\/fr\/wp-json\/wp\/v2\/product\/17540","targetHints":{"allow":["GET"]}}],"collection":[{"href":"https:\/\/vbagsvault.com\/fr\/wp-json\/wp\/v2\/product"}],"about":[{"href":"https:\/\/vbagsvault.com\/fr\/wp-json\/wp\/v2\/types\/product"}],"replies":[{"embeddable":true,"href":"https:\/\/vbagsvault.com\/fr\/wp-json\/wp\/v2\/comments?post=17540"}],"wp:featuredmedia":[{"embeddable":true,"href":"https:\/\/vbagsvault.com\/fr\/wp-json\/wp\/v2\/media\/13990"}],"wp:attachment":[{"href":"https:\/\/vbagsvault.com\/fr\/wp-json\/wp\/v2\/media?parent=17540"}],"wp:term":[{"taxonomy":"product_brand","embeddable":true,"href":"https:\/\/vbagsvault.com\/fr\/wp-json\/wp\/v2\/product_brand?post=17540"},{"taxonomy":"product_cat","embeddable":true,"href":"https:\/\/vbagsvault.com\/fr\/wp-json\/wp\/v2\/product_cat?post=17540"},{"taxonomy":"product_tag","embeddable":true,"href":"https:\/\/vbagsvault.com\/fr\/wp-json\/wp\/v2\/product_tag?post=17540"}],"curies":[{"name":"wp","href":"https:\/\/api.w.org\/{rel}","templated":true}]}}